{"id":10,"date":"2020-09-02T19:41:24","date_gmt":"2020-09-02T19:41:24","guid":{"rendered":"https:\/\/tymsi.com\/as\/?page_id=10"},"modified":"2020-09-25T20:00:03","modified_gmt":"2020-09-25T20:00:03","slug":"inicio","status":"publish","type":"page","link":"https:\/\/agenciasesnich.cl\/web\/","title":{"rendered":"Inicio"},"content":{"rendered":"<p>[et_pb_section fb_built=&#8221;1&#8243; fullwidth=&#8221;on&#8221; _builder_version=&#8221;4.6.0&#8243; _module_preset=&#8221;default&#8221;][et_pb_fullwidth_header title=&#8221;Agencia Sesnich, 40 a\u00f1os de experiencia en comercio exterior al servicio de sus clientes&#8221; header_fullscreen=&#8221;on&#8221; background_overlay_color=&#8221;rgba(0,0,0,0)&#8221; _builder_version=&#8221;4.6.1&#8243; _module_preset=&#8221;default&#8221; title_font=&#8221;Hind|700|||||||&#8221; title_text_align=&#8221;center&#8221; title_font_size=&#8221;45px&#8221; background_image=&#8221;http:\/\/agenciasesnich.cl\/web\/wp-content\/uploads\/2020\/09\/20170816131925-1.jpg&#8221; parallax=&#8221;on&#8221; animation_style=&#8221;fade&#8221; hover_enabled=&#8221;0&#8243; title_text_shadow_style=&#8221;preset1&#8243; title_text=&#8221;DCIM100GOPRO&#8221; sticky_enabled=&#8221;0&#8243;][\/et_pb_fullwidth_header][\/et_pb_section][et_pb_section fb_built=&#8221;1&#8243; _builder_version=&#8221;4.6.0&#8243; _module_preset=&#8221;default&#8221;][et_pb_row _builder_version=&#8221;4.6.1&#8243; _module_preset=&#8221;default&#8221; width=&#8221;100%&#8221; max_width=&#8221;100%&#8221; custom_margin=&#8221;-81px||||false|false&#8221; custom_padding=&#8221;||||false|false&#8221;][et_pb_column type=&#8221;4_4&#8243; _builder_version=&#8221;4.6.1&#8243; _module_preset=&#8221;default&#8221;][et_pb_sidebar _builder_version=&#8221;4.6.1&#8243; _module_preset=&#8221;default&#8221; body_font=&#8221;Hind|700|||||||&#8221; body_text_align=&#8221;center&#8221; body_text_color=&#8221;#ffffff&#8221; background_color=&#8221;#3d425f&#8221; width=&#8221;100%&#8221; module_alignment=&#8221;center&#8221;][\/et_pb_sidebar][\/et_pb_column][\/et_pb_row][et_pb_row _builder_version=&#8221;4.6.0&#8243; _module_preset=&#8221;default&#8221;][et_pb_column type=&#8221;4_4&#8243; _builder_version=&#8221;4.6.0&#8243; _module_preset=&#8221;default&#8221;][et_pb_text content_tablet=&#8221;<\/p>\n<p style=%22text-align: center;%22>Nuestros Servicios<\/p>\n<p>&#8221; content_phone=&#8221;<\/p>\n<p style=%22text-align: center;%22>Servicios<\/p>\n<p>&#8221; content_last_edited=&#8221;on|tablet&#8221; _builder_version=&#8221;4.6.0&#8243; _module_preset=&#8221;default&#8221; text_font=&#8221;Hind|700|||||||&#8221; text_text_color=&#8221;#3d425f&#8221; text_font_size=&#8221;40px&#8221; text_line_height=&#8221;1em&#8221; text_font_size_tablet=&#8221;&#8221; text_font_size_phone=&#8221;42px&#8221; text_font_size_last_edited=&#8221;on|phone&#8221;]<\/p>\n<p style=\"text-align: center;\">Nuestros Servicios<\/p>\n<p>[\/et_pb_text][\/et_pb_column][\/et_pb_row][et_pb_row column_structure=&#8221;1_3,1_3,1_3&#8243; _builder_version=&#8221;4.6.0&#8243; _module_preset=&#8221;default&#8221;][et_pb_column type=&#8221;1_3&#8243; _builder_version=&#8221;4.6.0&#8243; _module_preset=&#8221;default&#8221;][et_pb_image src=&#8221;http:\/\/agenciasesnich.cl\/web\/wp-content\/uploads\/2020\/09\/puerto-ITI-2-scaled-1.jpg&#8221; title_text=&#8221;puerto-ITI-2-scaled&#8221; align=&#8221;center&#8221; _builder_version=&#8221;4.6.1&#8243; _module_preset=&#8221;default&#8221; hover_enabled=&#8221;0&#8243; sticky_enabled=&#8221;0&#8243;][\/et_pb_image][et_pb_text _builder_version=&#8221;4.6.1&#8243; _module_preset=&#8221;default&#8221; text_font=&#8221;Hind|700|||||||&#8221; text_text_color=&#8221;#3d425f&#8221; text_font_size=&#8221;25px&#8221;]<\/p>\n<p style=\"text-align: center;\">Importaciones<\/p>\n<p>[\/et_pb_text][et_pb_text _builder_version=&#8221;4.6.1&#8243; _module_preset=&#8221;default&#8221; text_font=&#8221;Hind||||||||&#8221; header_font=&#8221;Hind|700|||||||&#8221;]<\/p>\n<p style=\"text-align: center;\"><span>Tramitaci\u00f3n de importaci\u00f3n de mercanc\u00edas ante aduana. Gesti\u00f3n Admisi\u00f3n temporal, Reingreso, Transbordo, entre otros.<\/span><\/p>\n<p>[\/et_pb_text][\/et_pb_column][et_pb_column type=&#8221;1_3&#8243; _builder_version=&#8221;4.6.0&#8243; _module_preset=&#8221;default&#8221;][et_pb_image src=&#8221;http:\/\/agenciasesnich.cl\/web\/wp-content\/uploads\/2020\/09\/20170816132751-scaled.jpg&#8221; title_text=&#8221;20170816132751&#8243; _builder_version=&#8221;4.6.1&#8243; _module_preset=&#8221;default&#8221; hover_enabled=&#8221;0&#8243; sticky_enabled=&#8221;0&#8243;][\/et_pb_image][et_pb_text _builder_version=&#8221;4.6.1&#8243; _module_preset=&#8221;default&#8221; text_font=&#8221;Hind|700|||||||&#8221; text_text_color=&#8221;#3d425f&#8221; text_font_size=&#8221;25px&#8221;]<\/p>\n<p style=\"text-align: center;\">Exportaciones<\/p>\n<p>[\/et_pb_text][et_pb_text _builder_version=&#8221;4.6.1&#8243; _module_preset=&#8221;default&#8221; text_font=&#8221;Hind||||||||&#8221;]<\/p>\n<p style=\"text-align: center;\">Tramitaci\u00f3n de exportaci\u00f3n de mercanc\u00edas ante aduana. Gesti\u00f3n de DUS, Salida temporal, re exportaci\u00f3n, IVV, entre otros.<\/p>\n<p>[\/et_pb_text][\/et_pb_column][et_pb_column type=&#8221;1_3&#8243; _builder_version=&#8221;4.6.0&#8243; _module_preset=&#8221;default&#8221;][et_pb_image src=&#8221;http:\/\/agenciasesnich.cl\/web\/wp-content\/uploads\/2020\/09\/unnamed-2.jpg&#8221; title_text=&#8221;unnamed (2)&#8221; _builder_version=&#8221;4.6.1&#8243; _module_preset=&#8221;default&#8221; hover_enabled=&#8221;0&#8243; sticky_enabled=&#8221;0&#8243;][\/et_pb_image][et_pb_text _builder_version=&#8221;4.6.1&#8243; _module_preset=&#8221;default&#8221; text_font=&#8221;Hind|500|||||||&#8221; text_text_color=&#8221;#3d425f&#8221; text_font_size=&#8221;25px&#8221; header_font=&#8221;Hind|700|||||||&#8221; hover_enabled=&#8221;0&#8243; sticky_enabled=&#8221;0&#8243;]<\/p>\n<p align=\"center\" style=\"margin: 0cm; text-align: center; vertical-align: baseline;\"><b><span style=\"font-size: 19.0pt; font-family: 'Arial',sans-serif;\">Gesti\u00f3n y Asesoria Integral<o:p><\/o:p><\/span><\/b><\/p>\n<p>[\/et_pb_text][et_pb_text _builder_version=&#8221;4.6.1&#8243; _module_preset=&#8221;default&#8221; text_font=&#8221;Hind||||||||&#8221;]<\/p>\n<p style=\"text-align: center;\">Proporcionamos asesor\u00eda integral a las empresas mandantes durante las operaciones de comercio exterior.<\/p>\n<p>[\/et_pb_text][\/et_pb_column][\/et_pb_row][et_pb_row _builder_version=&#8221;4.6.0&#8243; _module_preset=&#8221;default&#8221;][et_pb_column type=&#8221;4_4&#8243; _builder_version=&#8221;4.6.0&#8243; _module_preset=&#8221;default&#8221;][et_pb_button button_url=&#8221;@ET-DC@eyJkeW5hbWljIjp0cnVlLCJjb250ZW50IjoicG9zdF9saW5rX3VybF9wYWdlIiwic2V0dGluZ3MiOnsicG9zdF9pZCI6IjgyIn19@&#8221; button_text=&#8221;Ver Nuestros Servicios&#8221; button_alignment=&#8221;center&#8221; _builder_version=&#8221;4.6.1&#8243; _dynamic_attributes=&#8221;button_url&#8221; _module_preset=&#8221;default&#8221; custom_button=&#8221;on&#8221; button_text_color=&#8221;#3d425f&#8221;][\/et_pb_button][\/et_pb_column][\/et_pb_row][\/et_pb_section][et_pb_section fb_built=&#8221;1&#8243; fullwidth=&#8221;on&#8221; _builder_version=&#8221;4.6.0&#8243; _module_preset=&#8221;default&#8221; background_color=&#8221;#3d425f&#8221; animation_style=&#8221;slide&#8221;][et_pb_fullwidth_header title=&#8221;Empresa&#8221; _builder_version=&#8221;4.6.1&#8243; _module_preset=&#8221;default&#8221; title_font=&#8221;Hind|700|||||||&#8221; title_text_align=&#8221;center&#8221; title_font_size=&#8221;42px&#8221; content_font=&#8221;Hind||||||||&#8221; content_font_size=&#8221;16px&#8221; background_color=&#8221;#7EBEC5#ed8a3b&#8221;]<\/p>\n<p style=\"text-align: center;\">Agencia Sesnich cuenta con 40 a\u00f1os de experiencia, otorgando a sus clientes seguridad, confianza, calidad y profesionalismo en sus servicios.<\/p>\n<p style=\"text-align: center;\">Nuestra trayectoria es una muestra fidedigna de un trabajo serio y responsable en el transporte, bodegaje y entrega de las mercanc\u00edas, garantizando el \u00e9xito las cargas convenidas.<\/p>\n<p style=\"text-align: center;\">Los profesionales de Agencia de Aduanas Sesnich tienen un acabado conocimiento y especializaci\u00f3n en materias tales como: Merceolog\u00eda, Legislaci\u00f3n Aduanera, Arancel Aduanero, Valoraci\u00f3n de mercanc\u00edas, Tratados Internacionales de Comercio y otras materias vinculadas con el comercio exterior.<\/p>\n<p>[\/et_pb_fullwidth_header][\/et_pb_section][et_pb_section fb_built=&#8221;1&#8243; _builder_version=&#8221;4.6.0&#8243; _module_preset=&#8221;default&#8221;][et_pb_row _builder_version=&#8221;4.6.0&#8243; _module_preset=&#8221;default&#8221;][et_pb_column type=&#8221;4_4&#8243; _builder_version=&#8221;4.6.0&#8243; _module_preset=&#8221;default&#8221;][et_pb_text _builder_version=&#8221;4.6.1&#8243; _module_preset=&#8221;default&#8221; text_font=&#8221;Hind|700|||||||&#8221; text_text_color=&#8221;#3d425f&#8221; text_font_size=&#8221;40px&#8221;]<\/p>\n<p style=\"text-align: center;\">Noticias<\/p>\n<p>[\/et_pb_text][\/et_pb_column][\/et_pb_row][et_pb_row _builder_version=&#8221;4.6.0&#8243; _module_preset=&#8221;default&#8221;][et_pb_column type=&#8221;4_4&#8243; _builder_version=&#8221;4.6.0&#8243; _module_preset=&#8221;default&#8221;][et_pb_blog fullwidth=&#8221;off&#8221; posts_number=&#8221;3&#8243; include_categories=&#8221;4&#8243; show_author=&#8221;off&#8221; show_pagination=&#8221;off&#8221; use_overlay=&#8221;on&#8221; overlay_icon_color=&#8221;#3d425f&#8221; hover_overlay_color=&#8221;rgba(61,66,95,0.4)&#8221; _builder_version=&#8221;4.6.1&#8243; _module_preset=&#8221;default&#8221; header_font=&#8221;Hind|600|||||||&#8221; header_text_color=&#8221;#3d425f&#8221; body_font=&#8221;Hind||||||||&#8221; read_more_font=&#8221;||||||||&#8221; border_width_all=&#8221;0px&#8221; box_shadow_style=&#8221;preset1&#8243;][\/et_pb_blog][et_pb_button button_url=&#8221;@ET-DC@eyJkeW5hbWljIjp0cnVlLCJjb250ZW50IjoicG9zdF9saW5rX3VybF9wYWdlIiwic2V0dGluZ3MiOnsicG9zdF9pZCI6IjE4In19@&#8221; button_text=&#8221;Ver M\u00e1s Noticias&#8221; button_alignment=&#8221;center&#8221; _builder_version=&#8221;4.6.1&#8243; _dynamic_attributes=&#8221;button_url&#8221; _module_preset=&#8221;default&#8221; custom_button=&#8221;on&#8221; button_text_color=&#8221;#3d425f&#8221;][\/et_pb_button][\/et_pb_column][\/et_pb_row][\/et_pb_section][et_pb_section fb_built=&#8221;1&#8243; fullwidth=&#8221;on&#8221; _builder_version=&#8221;4.6.0&#8243; _module_preset=&#8221;default&#8221; animation_style=&#8221;zoom&#8221;][et_pb_fullwidth_header title=&#8221;Sucursales&#8221; button_one_text=&#8221;Ver Sucursales&#8221; button_one_url=&#8221;@ET-DC@eyJkeW5hbWljIjp0cnVlLCJjb250ZW50IjoicG9zdF9saW5rX3VybF9wYWdlIiwic2V0dGluZ3MiOnsicG9zdF9pZCI6Ijg0In19@&#8221; _builder_version=&#8221;4.6.0&#8243; _dynamic_attributes=&#8221;button_one_url&#8221; _module_preset=&#8221;default&#8221; title_font=&#8221;Hind|700|||||||&#8221; title_font_size=&#8221;42px&#8221; content_font=&#8221;Hind||||||||&#8221; content_font_size=&#8221;29px&#8221; background_color=&#8221;#3d425f&#8221; custom_button_one=&#8221;on&#8221; button_one_use_icon=&#8221;off&#8221;]<\/p>\n<p>Nuestra agencia cuenta con 10 sucursales desde Arica a Punta arenas.<\/p>\n<p>[\/et_pb_fullwidth_header][\/et_pb_section][et_pb_section fb_built=&#8221;1&#8243; _builder_version=&#8221;4.6.0&#8243; _module_preset=&#8221;default&#8221;][et_pb_row _builder_version=&#8221;4.6.0&#8243; _module_preset=&#8221;default&#8221;][et_pb_column type=&#8221;4_4&#8243; _builder_version=&#8221;4.6.0&#8243; _module_preset=&#8221;default&#8221;][et_pb_text _builder_version=&#8221;4.6.0&#8243; _module_preset=&#8221;default&#8221; text_font=&#8221;Hind|700|||||||&#8221; text_text_color=&#8221;#3d425f&#8221; text_font_size=&#8221;40px&#8221;]<\/p>\n<p style=\"text-align: center;\">Cont\u00e1ctenos<\/p>\n<p>[\/et_pb_text][\/et_pb_column][\/et_pb_row][et_pb_row column_structure=&#8221;1_2,1_2&#8243; _builder_version=&#8221;4.6.0&#8243; _module_preset=&#8221;default&#8221;][et_pb_column type=&#8221;1_2&#8243; _builder_version=&#8221;4.6.0&#8243; _module_preset=&#8221;default&#8221;][et_pb_text _builder_version=&#8221;4.6.1&#8243; _module_preset=&#8221;default&#8221; text_font=&#8221;Hind||||||||&#8221; text_font_size=&#8221;15px&#8221;]<\/p>\n<p><strong>Direcci\u00f3n:<\/strong> Avda. Circunvalaci\u00f3n, Manzana C Sitio 19E Barrio Industrial Zofri, Iquique, Chile.<\/p>\n<p><strong>C.P.<\/strong><span>\u00a0<\/span>1100324<\/p>\n<p><strong>L\u00ednea fija:<\/strong><span>\u00a0<\/span>+56 57 2 396500<\/p>\n<p><strong>email:<\/strong><span>\u00a0<\/span>contacto@agenciasesnich.cl<\/p>\n<p>[\/et_pb_text][\/et_pb_column][et_pb_column type=&#8221;1_2&#8243; _builder_version=&#8221;4.6.0&#8243; _module_preset=&#8221;default&#8221;][et_pb_code _builder_version=&#8221;4.6.0&#8243; _module_preset=&#8221;default&#8221;]<iframe loading=\"lazy\" src=\"https:\/\/www.google.com\/maps\/embed?pb=!1m16!1m12!1m3!1d7186.576298251229!2d-70.13395691443556!3d-20.199423096503917!2m3!1f0!2f0!3f0!3m2!1i1024!2i768!4f13.1!2m1!1sAvda.%20Circunvalacion%2C%20Manzana%20C%20Sitio%2019E%20Barrio%20Industrial%20Zofri%2C%20Iquique%2C%20Chile.!5e1!3m2!1ses-419!2scl!4v1599173967771!5m2!1ses-419!2scl\" width=\"600\" height=\"200\" frameborder=\"0\" style=\"border:0;\" allowfullscreen=\"\" aria-hidden=\"false\" tabindex=\"0\"><\/iframe>[\/et_pb_code][\/et_pb_column][\/et_pb_row][\/et_pb_section]<\/p>\n","protected":false},"excerpt":{"rendered":"<p>[et_pb_section fb_built=&#8221;1&#8243; fullwidth=&#8221;on&#8221; _builder_version=&#8221;4.6.0&#8243; _module_preset=&#8221;default&#8221;][et_pb_fullwidth_header title=&#8221;Agencia Sesnich, 40 a\u00f1os de experiencia en comercio exterior al servicio de sus clientes&#8221; header_fullscreen=&#8221;on&#8221; background_overlay_color=&#8221;rgba(0,0,0,0)&#8221; _builder_version=&#8221;4.6.1&#8243; _module_preset=&#8221;default&#8221; title_font=&#8221;Hind|700|||||||&#8221; title_text_align=&#8221;center&#8221; title_font_size=&#8221;45px&#8221; background_image=&#8221;http:\/\/agenciasesnich.cl\/web\/wp-content\/uploads\/2020\/09\/20170816131925-1.jpg&#8221; parallax=&#8221;on&#8221; animation_style=&#8221;fade&#8221; hover_enabled=&#8221;0&#8243; title_text_shadow_style=&#8221;preset1&#8243; title_text=&#8221;DCIM100GOPRO&#8221; sticky_enabled=&#8221;0&#8243;][\/et_pb_fullwidth_header][\/et_pb_section][et_pb_section fb_built=&#8221;1&#8243; _builder_version=&#8221;4.6.0&#8243; _module_preset=&#8221;default&#8221;][et_pb_row _builder_version=&#8221;4.6.1&#8243; _module_preset=&#8221;default&#8221; width=&#8221;100%&#8221; max_width=&#8221;100%&#8221; custom_margin=&#8221;-81px||||false|false&#8221; custom_padding=&#8221;||||false|false&#8221;][et_pb_column type=&#8221;4_4&#8243; _builder_version=&#8221;4.6.1&#8243; _module_preset=&#8221;default&#8221;][et_pb_sidebar _builder_version=&#8221;4.6.1&#8243; _module_preset=&#8221;default&#8221; body_font=&#8221;Hind|700|||||||&#8221; body_text_align=&#8221;center&#8221; body_text_color=&#8221;#ffffff&#8221; background_color=&#8221;#3d425f&#8221; width=&#8221;100%&#8221; module_alignment=&#8221;center&#8221;][\/et_pb_sidebar][\/et_pb_column][\/et_pb_row][et_pb_row _builder_version=&#8221;4.6.0&#8243; _module_preset=&#8221;default&#8221;][et_pb_column [&hellip;]<\/p>\n","protected":false},"author":1,"featured_media":0,"parent":0,"menu_order":0,"comment_status":"closed","ping_status":"closed","template":"","meta":{"_et_pb_use_builder":"on","_et_pb_old_content":"","_et_gb_content_width":""},"_links":{"self":[{"href":"https:\/\/agenciasesnich.cl\/web\/wp-json\/wp\/v2\/pages\/10"}],"collection":[{"href":"https:\/\/agenciasesnich.cl\/web\/wp-json\/wp\/v2\/pages"}],"about":[{"href":"https:\/\/agenciasesnich.cl\/web\/wp-json\/wp\/v2\/types\/page"}],"author":[{"embeddable":true,"href":"https:\/\/agenciasesnich.cl\/web\/wp-json\/wp\/v2\/users\/1"}],"replies":[{"embeddable":true,"href":"https:\/\/agenciasesnich.cl\/web\/wp-json\/wp\/v2\/comments?post=10"}],"version-history":[{"count":50,"href":"https:\/\/agenciasesnich.cl\/web\/wp-json\/wp\/v2\/pages\/10\/revisions"}],"predecessor-version":[{"id":1277,"href":"https:\/\/agenciasesnich.cl\/web\/wp-json\/wp\/v2\/pages\/10\/revisions\/1277"}],"wp:attachment":[{"href":"https:\/\/agenciasesnich.cl\/web\/wp-json\/wp\/v2\/media?parent=10"}],"curies":[{"name":"wp","href":"https:\/\/api.w.org\/{rel}","templated":true}]}}